{"id":1695,"date":"2026-03-31T18:38:40","date_gmt":"2026-03-31T16:38:40","guid":{"rendered":"https:\/\/flywchill.com\/?page_id=1695"},"modified":"2026-04-04T01:26:41","modified_gmt":"2026-04-03T23:26:41","slug":"regulamin","status":"publish","type":"page","link":"https:\/\/flywchill.com\/en\/regulamin\/","title":{"rendered":"TERMS AND CONDITIONS"},"content":{"rendered":"<div data-elementor-type=\"wp-page\" data-elementor-id=\"1695\" class=\"elementor elementor-1695\">\n\t\t\t\t<div class=\"elementor-element elementor-element-41de09a2 e-con-full e-flex e-con e-parent\" data-id=\"41de09a2\" data-element_type=\"container\" data-e-type=\"container\" data-settings=\"{&quot;background_background&quot;:&quot;classic&quot;}\">\n\t\t<div class=\"elementor-element elementor-element-58056f61 e-con-full e-flex e-con e-child\" data-id=\"58056f61\" data-element_type=\"container\" data-e-type=\"container\">\n\t\t<div class=\"elementor-element elementor-element-4d8594f9 e-flex e-con-boxed e-con e-child\" data-id=\"4d8594f9\" data-element_type=\"container\" data-e-type=\"container\">\n\t\t\t\t\t<div class=\"e-con-inner\">\n\t\t<div class=\"elementor-element elementor-element-624c089e e-con-full e-flex e-con e-child\" data-id=\"624c089e\" data-element_type=\"container\" data-e-type=\"container\">\n\t\t\t\t<div class=\"elementor-element elementor-element-3e6166bb elementor-widget elementor-widget-heading\" data-id=\"3e6166bb\" data-element_type=\"widget\" data-e-type=\"widget\" data-widget_type=\"heading.default\">\n\t\t\t\t<div class=\"elementor-widget-container\">\n\t\t\t\t\t<h1 class=\"elementor-heading-title elementor-size-default\">Fly with chill<\/h1>\t\t\t\t<\/div>\n\t\t\t\t<\/div>\n\t\t\t\t<div class=\"elementor-element elementor-element-603aff4a elementor-icon-list--layout-traditional elementor-list-item-link-full_width elementor-widget elementor-widget-icon-list\" data-id=\"603aff4a\" data-element_type=\"widget\" data-e-type=\"widget\" data-widget_type=\"icon-list.default\">\n\t\t\t\t<div class=\"elementor-widget-container\">\n\t\t\t\t\t\t\t<ul class=\"elementor-icon-list-items\">\n\t\t\t\t\t\t\t<li class=\"elementor-icon-list-item\">\n\t\t\t\t\t\t\t\t\t\t\t<a href=\"https:\/\/flywchill.com\/en\/galeria\/\">\n\n\t\t\t\t\t\t\t\t\t\t\t\t<span class=\"elementor-icon-list-icon\">\n\t\t\t\t\t\t\t<i aria-hidden=\"true\" class=\"fas fa-play-circle\"><\/i>\t\t\t\t\t\t<\/span>\n\t\t\t\t\t\t\t\t\t\t<span class=\"elementor-icon-list-text\">SEE THE GALLERY OF MY TRAVELS<\/span>\n\t\t\t\t\t\t\t\t\t\t\t<\/a>\n\t\t\t\t\t\t\t\t\t<\/li>\n\t\t\t\t\t\t<\/ul>\n\t\t\t\t\t\t<\/div>\n\t\t\t\t<\/div>\n\t\t\t\t<\/div>\n\t\t<div class=\"elementor-element elementor-element-1b732dd1 e-con-full e-flex e-con e-child\" data-id=\"1b732dd1\" data-element_type=\"container\" data-e-type=\"container\">\n\t\t\t\t<div class=\"elementor-element elementor-element-7f07738b elementor-widget-divider--view-line elementor-widget elementor-widget-divider\" data-id=\"7f07738b\" data-element_type=\"widget\" data-e-type=\"widget\" data-widget_type=\"divider.default\">\n\t\t\t\t<div class=\"elementor-widget-container\">\n\t\t\t\t\t\t\t<div class=\"elementor-divider\">\n\t\t\t<span class=\"elementor-divider-separator\">\n\t\t\t\t\t\t<\/span>\n\t\t<\/div>\n\t\t\t\t\t\t<\/div>\n\t\t\t\t<\/div>\n\t\t\t\t<div class=\"elementor-element elementor-element-5acd794c elementor-widget elementor-widget-hfe-infocard\" data-id=\"5acd794c\" data-element_type=\"widget\" data-e-type=\"widget\" data-widget_type=\"hfe-infocard.default\">\n\t\t\t\t<div class=\"elementor-widget-container\">\n\t\t\t\t\t\n\t\t<div class=\"hfe-infocard\">\n\t\t\t\t\t\t\t\t\t<div class=\"hfe-infocard-title-wrap\">\n\t\t\t\t<h4 class=\"hfe-infocard-title elementor-inline-editing\" data-elementor-setting-key=\"infocard_title\" data-elementor-inline-editing-toolbar=\"basic\" >Cheap and safe travel without stress<\/h4>\t\t\t<\/div>\n\t\t\t\t\t\t<div class=\"hfe-infocard-text-wrap\">\n\t\t\t\t<div class=\"hfe-infocard-text elementor-inline-editing\" data-elementor-setting-key=\"infocard_description\" data-elementor-inline-editing-toolbar=\"advanced\">\n\t\t\t\t\tI share proven tips on how to travel cheaper and safer around the world.\nHere you\u2019ll find practical guides, actionable advice, and the best travel deals.\nDon\u2019t want to plan it yourself? Check out my ready-made travel PACKAGES and have everything taken care of\t\t\t\t<\/div>\n\t\t\t\t\t\t\t<\/div>\n\t\t<\/div>\n\n\t\t\t\t\t\t<\/div>\n\t\t\t\t<\/div>\n\t\t\t\t<\/div>\n\t\t\t\t\t<\/div>\n\t\t\t\t<\/div>\n\t\t\t\t<div class=\"elementor-element elementor-element-6a242887 elementor-widget elementor-widget-heading\" data-id=\"6a242887\" data-element_type=\"widget\" data-e-type=\"widget\" data-widget_type=\"heading.default\">\n\t\t\t\t<div class=\"elementor-widget-container\">\n\t\t\t\t\t<h2 class=\"elementor-heading-title elementor-size-default\">WEBSITE TERMS AND CONDITIONS<\/h2>\t\t\t\t<\/div>\n\t\t\t\t<\/div>\n\t\t\t\t<\/div>\n\t\t\t\t<\/div>\n\t\t<div class=\"elementor-element elementor-element-316bdd14 e-flex e-con-boxed e-con e-parent\" data-id=\"316bdd14\" data-element_type=\"container\" data-e-type=\"container\" id=\"about-me\" data-settings=\"{&quot;background_background&quot;:&quot;classic&quot;}\">\n\t\t\t\t\t<div class=\"e-con-inner\">\n\t\t\t\t<div class=\"elementor-element elementor-element-ffbccbc elementor-widget elementor-widget-text-editor\" data-id=\"ffbccbc\" data-element_type=\"widget\" data-e-type=\"widget\" data-widget_type=\"text-editor.default\">\n\t\t\t\t<div class=\"elementor-widget-container\">\n\t\t\t\t\t\t\t\t\t<h4 style=\"text-align: center;\"><span style=\"color: #ff0000;\">1. General information<\/span><\/h4><ol style=\"text-align: left;\"><li><p>These terms and conditions define the rules for using the website and the services offered by the site owner.<\/p><\/li><li><p>The website is informational and service-oriented and is used to present travel planning offers and sell ready-made travel packages.<\/p><\/li><li><p>The site owner is not a travel agency or a tour operator within the meaning of the law.<\/p><\/li><\/ol><hr \/><h4>\u00a0<\/h4><h4 style=\"text-align: center;\"><span style=\"color: #ff0000;\">2. Nature of Services<\/span><\/h4><ol style=\"text-align: left;\"><li><p>The services offered on the website consist of:<\/p><ul><li><p>preparing individualized travel plans,<\/p><\/li><li><p>creating ready-made travel packages,<\/p><\/li><li><p>providing recommendations regarding flights, accommodation, attractions, and transportation.<\/p><\/li><\/ul><\/li><li><p>Website owner:<\/p><ul><li><p>does not make reservations,<\/p><\/li><li><p>does not sell airline tickets,<\/p><\/li><li><p>does not book accommodation or attractions,<\/p><\/li><li><p>does not process payments for travel services<\/p><\/li><\/ul><\/li><li><p>The user receives:<\/p><ul><li><p>links to external platforms (e.g., airlines, Booking, Google Maps),<\/p><\/li><li><p>instructions and guidance regarding reservations,<\/p><\/li><li><p>a ready travel plan.<\/p><\/li><\/ul><\/li><li><p>All reservations and payments are made independently by the user.<\/p><\/li><\/ol><hr \/><h4>\u00a0<\/h4><h4 style=\"text-align: center;\"><span style=\"color: #ff0000;\">3. Liability and Pricing<\/span><\/h4><ol style=\"text-align: left;\"><li><p>The site owner is not responsible for:<\/p><ul><li><p>changes in the prices of airline tickets, accommodation, and attractions,<\/p><\/li><li><p>availability of offers at the time of purchase,<\/p><\/li><li><p>the actions of external platforms.<\/p><\/li><\/ul><\/li><li><p>The user acknowledges that:<\/p><ul><li><p>prices (especially for flights) are dynamic and may change,<\/p><\/li><li><p>the offer presented in the plan may change before its final purchase.<\/p><\/li><\/ul><\/li><li><p>The owner does not have access to charter offers or closed booking systems.<\/p><\/li><\/ol><hr \/><h4 style=\"text-align: center;\"><span style=\"color: #ff0000;\">\u00a0<\/span><\/h4><h4 style=\"text-align: center;\"><span style=\"color: #ff0000;\">4. Order Process<\/span><\/h4><ol style=\"text-align: left;\"><li><p>The service is ordered by:<\/p><ul><li><p>a contact form or<\/p><\/li><li><p>email contact<\/p><\/li><\/ul><\/li><li><p>After submitting an inquiry:<\/p><ul><li><p>the user receives an offer tailored to their budget and expectations,<\/p><\/li><li><p>it is possible to prepare 2\u20133 travel proposals.<\/p><\/li><\/ul><\/li><li><p>After selecting one option:<\/p><ul><li><p>a detailed travel plan is prepared.<\/p><\/li><\/ul><\/li><\/ol><hr \/><h4 style=\"text-align: center;\"><span style=\"color: #ff0000;\">\u00a0<\/span><\/h4><h4 style=\"text-align: center;\"><span style=\"color: #ff0000;\">5. Payments<\/span><\/h4><ol style=\"text-align: left;\"><li><p>Payment for the service is made after prior agreement on the details via email.<\/p><\/li><li><p>The fee must be paid immediately upon acceptance of the travel plan.<\/p><\/li><li><p>The payment should be made via bank transfer to the following account:<\/p><\/li><\/ol><h5 style=\"text-align: center;\"><strong> 04 2910 0006 0000 0000 0629 3958<\/strong><\/h5><h6 style=\"text-align: center;\">Revolut, UniCredit NV\/SA Branch in Poland, Dobra 40, 00-344 Warsaw, Poland<\/h6><ol><li>Please include your full name in the payment reference.<\/li><li><p>Failure to make payment will result in the service not being provided.<\/p><\/li><\/ol><hr \/><h4 style=\"text-align: center;\"><span style=\"color: #ff0000;\">\u00a0<\/span><\/h4><h4 style=\"text-align: center;\"><span style=\"color: #ff0000;\">6. Personal Data (GDPR)<\/span><\/h4><ol style=\"text-align: left;\"><li><p>The data controller is the owner of the service.<\/p><\/li><li><p>User data is processed solely for the purpose of:<\/p><ul><li><p>the provision of the service,<\/p><\/li><li><p>contacting the user,<\/p><\/li><li><p>preparing a travel offer.<\/p><\/li><\/ul><\/li><li><p>Data is not shared with third parties, except where required by law.<\/p><\/li><li><p>The user has the right to:<\/p><ul><li><p>access their data,<\/p><\/li><li><p>rectify it,<\/p><\/li><li><p>request its deletion.<\/p><\/li><\/ul><\/li><li><p>The service does not require the provision of sensitive data (e.g. passport details).<\/p><\/li><\/ol><hr \/><h4 style=\"text-align: center;\"><span style=\"color: #ff0000;\">\u00a0<\/span><\/h4><h4 style=\"text-align: center;\"><span style=\"color: #ff0000;\">7. Additional information<\/span><\/h4><ol style=\"text-align: left;\"><li><p>The user may submit additional travel requirements via the form or by email.<\/p><\/li><li><p>If no specific destination is provided:<\/p><ul><li><p>it is possible to prepare offers based on the budget and number of days.<\/p><\/li><\/ul><\/li><\/ol><hr \/><h4 style=\"text-align: center;\"><span style=\"color: #ff0000;\">\u00a0<\/span><\/h4><h4 style=\"text-align: center;\"><span style=\"color: #ff0000;\">8. Final Provisions<\/span><\/h4><ol><li style=\"text-align: left;\"><p>Use of the website constitutes acceptance of these terms and conditions.<\/p><\/li><li style=\"text-align: left;\"><p>The terms and conditions may be subject to change.<\/p><\/li><li><p style=\"text-align: left;\">In matters not regulated herein, Polish law shall apply.<\/p><\/li><\/ol>\t\t\t\t\t\t\t\t<\/div>\n\t\t\t\t<\/div>\n\t\t\t\t\t<\/div>\n\t\t\t\t<\/div>\n\t\t<div class=\"elementor-element elementor-element-46a65cb5 e-con-full e-flex e-con e-parent\" data-id=\"46a65cb5\" data-element_type=\"container\" data-e-type=\"container\" id=\"gear\" data-settings=\"{&quot;background_background&quot;:&quot;classic&quot;}\">\n\t\t<div class=\"elementor-element elementor-element-18823fdb e-con-full e-flex e-con e-child\" data-id=\"18823fdb\" data-element_type=\"container\" data-e-type=\"container\">\n\t\t\t\t<div class=\"elementor-element elementor-element-a305aa elementor-absolute elementor-widget__width-auto elementor-widget elementor-widget-image\" data-id=\"a305aa\" data-element_type=\"widget\" data-e-type=\"widget\" data-settings=\"{&quot;_position&quot;:&quot;absolute&quot;}\" data-widget_type=\"image.default\">\n\t\t\t\t<div class=\"elementor-widget-container\">\n\t\t\t\t\t\t\t\t\t\t\t\t\t\t\t<img fetchpriority=\"high\" decoding=\"async\" width=\"463\" height=\"332\" src=\"https:\/\/flywchill.com\/wp-content\/uploads\/2021\/03\/vlogger-img-03.png\" class=\"attachment-full size-full wp-image-799\" alt=\"vlogger img 03\" srcset=\"https:\/\/flywchill.com\/wp-content\/uploads\/2021\/03\/vlogger-img-03.png 463w, https:\/\/flywchill.com\/wp-content\/uploads\/2021\/03\/vlogger-img-03-300x215.png 300w\" sizes=\"(max-width: 463px) 100vw, 463px\" title=\"TERMS AND CONDITIONS\">\t\t\t\t\t\t\t\t\t\t\t\t\t\t\t<\/div>\n\t\t\t\t<\/div>\n\t\t\t\t<\/div>\n\t\t\t\t<\/div>\n\t\t<div class=\"elementor-element elementor-element-3d997f0f e-flex e-con-boxed e-con e-parent\" data-id=\"3d997f0f\" data-element_type=\"container\" data-e-type=\"container\">\n\t\t\t\t\t<div class=\"e-con-inner\">\n\t\t\t\t<div class=\"elementor-element elementor-element-7c04c2b8 elementor-align-center elementor-widget elementor-widget-button\" data-id=\"7c04c2b8\" data-element_type=\"widget\" data-e-type=\"widget\" data-widget_type=\"button.default\">\n\t\t\t\t<div class=\"elementor-widget-container\">\n\t\t\t\t\t\t\t\t\t<div class=\"elementor-button-wrapper\">\n\t\t\t\t\t<a class=\"elementor-button elementor-button-link elementor-size-sm\" href=\"https:\/\/flywchill.com\/en\/formularz-do-zamowien\/\">\n\t\t\t\t\t\t<span class=\"elementor-button-content-wrapper\">\n\t\t\t\t\t\t<span class=\"elementor-button-icon\">\n\t\t\t\t<i aria-hidden=\"true\" class=\"fas fa-plane\"><\/i>\t\t\t<\/span>\n\t\t\t\t\t\t\t\t\t<span class=\"elementor-button-text\">PLACE AN ORDER<\/span>\n\t\t\t\t\t<\/span>\n\t\t\t\t\t<\/a>\n\t\t\t\t<\/div>\n\t\t\t\t\t\t\t\t<\/div>\n\t\t\t\t<\/div>\n\t\t\t\t<div class=\"elementor-element elementor-element-29cfb3b elementor-widget elementor-widget-button\" data-id=\"29cfb3b\" data-element_type=\"widget\" data-e-type=\"widget\" data-widget_type=\"button.default\">\n\t\t\t\t<div class=\"elementor-widget-container\">\n\t\t\t\t\t\t\t\t\t<div class=\"elementor-button-wrapper\">\n\t\t\t\t\t<a class=\"elementor-button elementor-button-link elementor-size-sm\" href=\"https:\/\/flywchill.com\/en\/polityka-prywatnosci\/\">\n\t\t\t\t\t\t<span class=\"elementor-button-content-wrapper\">\n\t\t\t\t\t\t<span class=\"elementor-button-icon\">\n\t\t\t\t<i aria-hidden=\"true\" class=\"fas fa-user-check\"><\/i>\t\t\t<\/span>\n\t\t\t\t\t\t\t\t\t<span class=\"elementor-button-text\">PRIVACY POLICY<\/span>\n\t\t\t\t\t<\/span>\n\t\t\t\t\t<\/a>\n\t\t\t\t<\/div>\n\t\t\t\t\t\t\t\t<\/div>\n\t\t\t\t<\/div>\n\t\t\t\t<div class=\"elementor-element elementor-element-3418fa82 elementor-align-center elementor-widget elementor-widget-button\" data-id=\"3418fa82\" data-element_type=\"widget\" data-e-type=\"widget\" data-widget_type=\"button.default\">\n\t\t\t\t<div class=\"elementor-widget-container\">\n\t\t\t\t\t\t\t\t\t<div class=\"elementor-button-wrapper\">\n\t\t\t\t\t<a class=\"elementor-button elementor-button-link elementor-size-sm\" href=\"https:\/\/flywchill.com\/en\/\">\n\t\t\t\t\t\t<span class=\"elementor-button-content-wrapper\">\n\t\t\t\t\t\t<span class=\"elementor-button-icon\">\n\t\t\t\t<i aria-hidden=\"true\" class=\"fas fa-home\"><\/i>\t\t\t<\/span>\n\t\t\t\t\t\t\t\t\t<span class=\"elementor-button-text\">BACK TO HOME PAGE<\/span>\n\t\t\t\t\t<\/span>\n\t\t\t\t\t<\/a>\n\t\t\t\t<\/div>\n\t\t\t\t\t\t\t\t<\/div>\n\t\t\t\t<\/div>\n\t\t\t\t\t<\/div>\n\t\t\t\t<\/div>\n\t\t<div class=\"elementor-element elementor-element-3f98b980 e-flex e-con-boxed e-con e-parent\" data-id=\"3f98b980\" data-element_type=\"container\" data-e-type=\"container\" id=\"contact\" data-settings=\"{&quot;background_background&quot;:&quot;classic&quot;}\">\n\t\t\t\t\t<div class=\"e-con-inner\">\n\t\t<div class=\"elementor-element elementor-element-6db4e2b7 e-con-full e-flex e-con e-child\" data-id=\"6db4e2b7\" data-element_type=\"container\" data-e-type=\"container\">\n\t\t<div class=\"elementor-element elementor-element-56460882 e-con-full e-flex e-con e-child\" data-id=\"56460882\" data-element_type=\"container\" data-e-type=\"container\">\n\t\t<div class=\"elementor-element elementor-element-90bb737 e-con-full e-flex e-con e-child\" data-id=\"90bb737\" data-element_type=\"container\" data-e-type=\"container\">\n\t\t\t\t<div class=\"elementor-element elementor-element-15c6444a elementor-widget-divider--view-line elementor-widget elementor-widget-divider\" data-id=\"15c6444a\" data-element_type=\"widget\" data-e-type=\"widget\" data-widget_type=\"divider.default\">\n\t\t\t\t<div class=\"elementor-widget-container\">\n\t\t\t\t\t\t\t<div class=\"elementor-divider\">\n\t\t\t<span class=\"elementor-divider-separator\">\n\t\t\t\t\t\t<\/span>\n\t\t<\/div>\n\t\t\t\t\t\t<\/div>\n\t\t\t\t<\/div>\n\t\t\t\t<div class=\"elementor-element elementor-element-53207e97 elementor-widget elementor-widget-heading\" data-id=\"53207e97\" data-element_type=\"widget\" data-e-type=\"widget\" data-widget_type=\"heading.default\">\n\t\t\t\t<div class=\"elementor-widget-container\">\n\t\t\t\t\t<h3 class=\"elementor-heading-title elementor-size-default\">Do you want to travel and explore the world? Choose a package and get in touch with me.<\/h3>\t\t\t\t<\/div>\n\t\t\t\t<\/div>\n\t\t\t\t<div class=\"elementor-element elementor-element-25a708ac elementor-widget elementor-widget-heading\" data-id=\"25a708ac\" data-element_type=\"widget\" data-e-type=\"widget\" data-widget_type=\"heading.default\">\n\t\t\t\t<div class=\"elementor-widget-container\">\n\t\t\t\t\t<h6 class=\"elementor-heading-title elementor-size-default\">I operate in<\/h6>\t\t\t\t<\/div>\n\t\t\t\t<\/div>\n\t\t\t\t<div class=\"elementor-element elementor-element-6c7cbaa8 elementor-align-center elementor-icon-list--layout-traditional elementor-list-item-link-full_width elementor-widget elementor-widget-icon-list\" data-id=\"6c7cbaa8\" data-element_type=\"widget\" data-e-type=\"widget\" data-widget_type=\"icon-list.default\">\n\t\t\t\t<div class=\"elementor-widget-container\">\n\t\t\t\t\t\t\t<ul class=\"elementor-icon-list-items\">\n\t\t\t\t\t\t\t<li class=\"elementor-icon-list-item\">\n\t\t\t\t\t\t\t\t\t\t<span class=\"elementor-icon-list-text\">Poland \u2013 Krak\u00f3w &amp; Ireland \u2013 Dublin<\/span>\n\t\t\t\t\t\t\t\t\t<\/li>\n\t\t\t\t\t\t\t\t<li class=\"elementor-icon-list-item\">\n\t\t\t\t\t\t\t\t\t\t\t<a href=\"https:\/\/wa.me\/353851330379?text=Cze\u015b\u0107,%20chc\u0119%20dowiedzie\u0107%20si\u0119%20wi\u0119cej%20o%20pakietach%20podr\u00f3\u017cy\">\n\n\t\t\t\t\t\t\t\t\t\t\t\t<span class=\"elementor-icon-list-icon\">\n\t\t\t\t\t\t\t<i aria-hidden=\"true\" class=\"fab fa-whatsapp\"><\/i>\t\t\t\t\t\t<\/span>\n\t\t\t\t\t\t\t\t\t\t<span class=\"elementor-icon-list-text\"> +353 085 133 0379<\/span>\n\t\t\t\t\t\t\t\t\t\t\t<\/a>\n\t\t\t\t\t\t\t\t\t<\/li>\n\t\t\t\t\t\t<\/ul>\n\t\t\t\t\t\t<\/div>\n\t\t\t\t<\/div>\n\t\t\t\t<div class=\"elementor-element elementor-element-428171a0 elementor-align-center elementor-widget elementor-widget-button\" data-id=\"428171a0\" data-element_type=\"widget\" data-e-type=\"widget\" data-widget_type=\"button.default\">\n\t\t\t\t<div class=\"elementor-widget-container\">\n\t\t\t\t\t\t\t\t\t<div class=\"elementor-button-wrapper\">\n\t\t\t\t\t<a class=\"elementor-button elementor-button-link elementor-size-sm\" href=\"https:\/\/flywchill.com\/en\/formularz-do-zamowien\/\">\n\t\t\t\t\t\t<span class=\"elementor-button-content-wrapper\">\n\t\t\t\t\t\t<span class=\"elementor-button-icon\">\n\t\t\t\t<i aria-hidden=\"true\" class=\"fas fa-plane\"><\/i>\t\t\t<\/span>\n\t\t\t\t\t\t\t\t\t<span class=\"elementor-button-text\">PLACE AN ORDER<\/span>\n\t\t\t\t\t<\/span>\n\t\t\t\t\t<\/a>\n\t\t\t\t<\/div>\n\t\t\t\t\t\t\t\t<\/div>\n\t\t\t\t<\/div>\n\t\t\t\t<div class=\"elementor-element elementor-element-7ae09b85 elementor-align-center elementor-widget elementor-widget-button\" data-id=\"7ae09b85\" data-element_type=\"widget\" data-e-type=\"widget\" data-widget_type=\"button.default\">\n\t\t\t\t<div class=\"elementor-widget-container\">\n\t\t\t\t\t\t\t\t\t<div class=\"elementor-button-wrapper\">\n\t\t\t\t\t<a class=\"elementor-button elementor-button-link elementor-size-sm\" href=\"mailto:flywchill@gmail.com?subject=Zapytanie%20o%20pakiet%20podr\u00f3\u017cy&#038;body=Cze\u015b\u0107,%20jestem%20zainteresowany\/a%20pakietem...\">\n\t\t\t\t\t\t<span class=\"elementor-button-content-wrapper\">\n\t\t\t\t\t\t\t\t\t<span class=\"elementor-button-text\">flywchill@gmail.com<\/span>\n\t\t\t\t\t<\/span>\n\t\t\t\t\t<\/a>\n\t\t\t\t<\/div>\n\t\t\t\t\t\t\t\t<\/div>\n\t\t\t\t<\/div>\n\t\t\t\t<\/div>\n\t\t\t\t<\/div>\n\t\t\t\t<\/div>\n\t\t\t\t\t<\/div>\n\t\t\t\t<\/div>\n\t\t<div class=\"elementor-element elementor-element-1f8a591f e-flex e-con-boxed e-con e-parent\" data-id=\"1f8a591f\" data-element_type=\"container\" data-e-type=\"container\">\n\t\t\t\t\t<div class=\"e-con-inner\">\n\t\t\t\t\t<\/div>\n\t\t\t\t<\/div>\n\t\t<div class=\"elementor-element elementor-element-7022f5c6 e-flex e-con-boxed e-con e-parent\" data-id=\"7022f5c6\" data-element_type=\"container\" data-e-type=\"container\">\n\t\t\t\t\t<div class=\"e-con-inner\">\n\t\t\t\t\t<\/div>\n\t\t\t\t<\/div>\n\t\t<div class=\"elementor-element elementor-element-313c236c e-flex e-con-boxed e-con e-parent\" data-id=\"313c236c\" data-element_type=\"container\" data-e-type=\"container\">\n\t\t\t\t\t<div class=\"e-con-inner\">\n\t\t\t\t\t<\/div>\n\t\t\t\t<\/div>\n\t\t\t\t<\/div>","protected":false},"excerpt":{"rendered":"<p>Fly with chill ZOBACZ GALERIE MOICH PODR\u00d3\u017bY Tanie i bezpieczne podr\u00f3\u017ce bez stresu Dziel\u0119 si\u0119 sprawdzonymi poradami, jak podr\u00f3\u017cowa\u0107 taniej i bezpieczniej po \u015bwiecie. Znajdziesz tu konkretne przewodniki, praktyczne wskaz\u00f3wki oraz najlepsze okazje podr\u00f3\u017cnicze. Nie chcesz planowa\u0107 sam? Sprawd\u017a moje gotowe PAKIETY podr\u00f3\u017cy i miej wszystko ogarni\u0119te. REGULAMIN SERWISU 1. Informacje og\u00f3lne Niniejszy regulamin okre\u015bla [&hellip;]<\/p>\n","protected":false},"author":1,"featured_media":0,"parent":0,"menu_order":0,"comment_status":"closed","ping_status":"closed","template":"elementor_header_footer","meta":{"site-sidebar-layout":"no-sidebar","site-content-layout":"page-builder","ast-site-content-layout":"full-width-container","site-content-style":"default","site-sidebar-style":"default","ast-global-header-display":"","ast-banner-title-visibility":"","ast-main-header-display":"","ast-hfb-above-header-display":"","ast-hfb-below-header-display":"","ast-hfb-mobile-header-display":"","site-post-title":"disabled","ast-breadcrumbs-content":"","ast-featured-img":"disabled","footer-sml-layout":"","ast-disable-related-posts":"","theme-transparent-header-meta":"","adv-header-id-meta":"","stick-header-meta":"","header-above-stick-meta":"","header-main-stick-meta":"","header-below-stick-meta":"","astra-migrate-meta-layouts":"set","ast-page-background-enabled":"default","ast-page-background-meta":{"desktop":{"background-color":"","background-image":"","background-repeat":"repeat","background-position":"center center","background-size":"auto","background-attachment":"scroll","background-type":"","background-media":"","overlay-type":"","overlay-color":"","overlay-opacity":"","overlay-gradient":""},"tablet":{"background-color":"","background-image":"","background-repeat":"repeat","background-position":"center center","background-size":"auto","background-attachment":"scroll","background-type":"","background-media":"","overlay-type":"","overlay-color":"","overlay-opacity":"","overlay-gradient":""},"mobile":{"background-color":"","background-image":"","background-repeat":"repeat","background-position":"center center","background-size":"auto","background-attachment":"scroll","background-type":"","background-media":"","overlay-type":"","overlay-color":"","overlay-opacity":"","overlay-gradient":""}},"ast-content-background-meta":{"desktop":{"background-color":"var(--ast-global-color-5)","background-image":"","background-repeat":"repeat","background-position":"center center","background-size":"auto","background-attachment":"scroll","background-type":"","background-media":"","overlay-type":"","overlay-color":"","overlay-opacity":"","overlay-gradient":""},"tablet":{"background-color":"var(--ast-global-color-5)","background-image":"","background-repeat":"repeat","background-position":"center center","background-size":"auto","background-attachment":"scroll","background-type":"","background-media":"","overlay-type":"","overlay-color":"","overlay-opacity":"","overlay-gradient":""},"mobile":{"background-color":"var(--ast-global-color-5)","background-image":"","background-repeat":"repeat","background-position":"center center","background-size":"auto","background-attachment":"scroll","background-type":"","background-media":"","overlay-type":"","overlay-color":"","overlay-opacity":"","overlay-gradient":""}},"footnotes":""},"class_list":["post-1695","page","type-page","status-publish","hentry"],"_links":{"self":[{"href":"https:\/\/flywchill.com\/en\/wp-json\/wp\/v2\/pages\/1695","targetHints":{"allow":["GET"]}}],"collection":[{"href":"https:\/\/flywchill.com\/en\/wp-json\/wp\/v2\/pages"}],"about":[{"href":"https:\/\/flywchill.com\/en\/wp-json\/wp\/v2\/types\/page"}],"author":[{"embeddable":true,"href":"https:\/\/flywchill.com\/en\/wp-json\/wp\/v2\/users\/1"}],"replies":[{"embeddable":true,"href":"https:\/\/flywchill.com\/en\/wp-json\/wp\/v2\/comments?post=1695"}],"version-history":[{"count":40,"href":"https:\/\/flywchill.com\/en\/wp-json\/wp\/v2\/pages\/1695\/revisions"}],"predecessor-version":[{"id":2017,"href":"https:\/\/flywchill.com\/en\/wp-json\/wp\/v2\/pages\/1695\/revisions\/2017"}],"wp:attachment":[{"href":"https:\/\/flywchill.com\/en\/wp-json\/wp\/v2\/media?parent=1695"}],"curies":[{"name":"wp","href":"https:\/\/api.w.org\/{rel}","templated":true}]}}