{"id":1961,"date":"2026-04-04T00:46:41","date_gmt":"2026-04-03T22:46:41","guid":{"rendered":"https:\/\/flywchill.com\/?page_id=1961"},"modified":"2026-04-04T01:31:28","modified_gmt":"2026-04-03T23:31:28","slug":"tipy-na-tanie-i-bezpieczne-podrozowanie","status":"publish","type":"page","link":"https:\/\/flywchill.com\/en\/tipy-na-tanie-i-bezpieczne-podrozowanie\/","title":{"rendered":"TIPY NA TANIE I BEZPIECZNE PODR\u00d3\u017bOWANIE"},"content":{"rendered":"<div data-elementor-type=\"wp-page\" data-elementor-id=\"1961\" class=\"elementor elementor-1961\">\n\t\t\t\t<div class=\"elementor-element elementor-element-7b4f28e e-con-full e-flex e-con e-parent\" data-id=\"7b4f28e\" data-element_type=\"container\" data-e-type=\"container\" data-settings=\"{&quot;background_background&quot;:&quot;classic&quot;}\">\n\t\t<div class=\"elementor-element elementor-element-5ea2c3cf e-con-full e-flex e-con e-child\" data-id=\"5ea2c3cf\" data-element_type=\"container\" data-e-type=\"container\">\n\t\t<div class=\"elementor-element elementor-element-77ba6bbc e-flex e-con-boxed e-con e-child\" data-id=\"77ba6bbc\" data-element_type=\"container\" data-e-type=\"container\">\n\t\t\t\t\t<div class=\"e-con-inner\">\n\t\t<div class=\"elementor-element elementor-element-39d92140 e-con-full e-flex e-con e-child\" data-id=\"39d92140\" data-element_type=\"container\" data-e-type=\"container\">\n\t\t\t\t<div class=\"elementor-element elementor-element-542c60bd elementor-widget elementor-widget-heading\" data-id=\"542c60bd\" data-element_type=\"widget\" data-e-type=\"widget\" data-widget_type=\"heading.default\">\n\t\t\t\t<div class=\"elementor-widget-container\">\n\t\t\t\t\t<h1 class=\"elementor-heading-title elementor-size-default\">Fly with chill<\/h1>\t\t\t\t<\/div>\n\t\t\t\t<\/div>\n\t\t\t\t<div class=\"elementor-element elementor-element-124653dd elementor-icon-list--layout-traditional elementor-list-item-link-full_width elementor-widget elementor-widget-icon-list\" data-id=\"124653dd\" data-element_type=\"widget\" data-e-type=\"widget\" data-widget_type=\"icon-list.default\">\n\t\t\t\t<div class=\"elementor-widget-container\">\n\t\t\t\t\t\t\t<ul class=\"elementor-icon-list-items\">\n\t\t\t\t\t\t\t<li class=\"elementor-icon-list-item\">\n\t\t\t\t\t\t\t\t\t\t\t<a href=\"https:\/\/flywchill.com\/en\/galeria\/\">\n\n\t\t\t\t\t\t\t\t\t\t\t\t<span class=\"elementor-icon-list-icon\">\n\t\t\t\t\t\t\t<i aria-hidden=\"true\" class=\"fas fa-play-circle\"><\/i>\t\t\t\t\t\t<\/span>\n\t\t\t\t\t\t\t\t\t\t<span class=\"elementor-icon-list-text\">SEE THE GALLERY OF MY TRAVELS<\/span>\n\t\t\t\t\t\t\t\t\t\t\t<\/a>\n\t\t\t\t\t\t\t\t\t<\/li>\n\t\t\t\t\t\t<\/ul>\n\t\t\t\t\t\t<\/div>\n\t\t\t\t<\/div>\n\t\t\t\t<\/div>\n\t\t<div class=\"elementor-element elementor-element-6abb3996 e-con-full e-flex e-con e-child\" data-id=\"6abb3996\" data-element_type=\"container\" data-e-type=\"container\">\n\t\t\t\t<div class=\"elementor-element elementor-element-1d6f3b01 elementor-widget-divider--view-line elementor-widget elementor-widget-divider\" data-id=\"1d6f3b01\" data-element_type=\"widget\" data-e-type=\"widget\" data-widget_type=\"divider.default\">\n\t\t\t\t<div class=\"elementor-widget-container\">\n\t\t\t\t\t\t\t<div class=\"elementor-divider\">\n\t\t\t<span class=\"elementor-divider-separator\">\n\t\t\t\t\t\t<\/span>\n\t\t<\/div>\n\t\t\t\t\t\t<\/div>\n\t\t\t\t<\/div>\n\t\t\t\t<div class=\"elementor-element elementor-element-47581888 elementor-widget elementor-widget-hfe-infocard\" data-id=\"47581888\" data-element_type=\"widget\" data-e-type=\"widget\" data-widget_type=\"hfe-infocard.default\">\n\t\t\t\t<div class=\"elementor-widget-container\">\n\t\t\t\t\t\n\t\t<div class=\"hfe-infocard\">\n\t\t\t\t\t\t\t\t\t<div class=\"hfe-infocard-title-wrap\">\n\t\t\t\t<h4 class=\"hfe-infocard-title elementor-inline-editing\" data-elementor-setting-key=\"infocard_title\" data-elementor-inline-editing-toolbar=\"basic\" >Cheap and safe travel without stress<\/h4>\t\t\t<\/div>\n\t\t\t\t\t\t<div class=\"hfe-infocard-text-wrap\">\n\t\t\t\t<div class=\"hfe-infocard-text elementor-inline-editing\" data-elementor-setting-key=\"infocard_description\" data-elementor-inline-editing-toolbar=\"advanced\">\n\t\t\t\t\tI share proven tips on how to travel cheaper and safer around the world.\nHere you\u2019ll find practical guides, actionable advice, and the best travel deals.\nDon\u2019t want to plan it yourself? Check out my ready-made travel PACKAGES and have everything taken care of\t\t\t\t<\/div>\n\t\t\t\t\t\t\t<\/div>\n\t\t<\/div>\n\n\t\t\t\t\t\t<\/div>\n\t\t\t\t<\/div>\n\t\t\t\t<\/div>\n\t\t\t\t\t<\/div>\n\t\t\t\t<\/div>\n\t\t\t\t<div class=\"elementor-element elementor-element-1ef9b392 elementor-widget elementor-widget-heading\" data-id=\"1ef9b392\" data-element_type=\"widget\" data-e-type=\"widget\" data-widget_type=\"heading.default\">\n\t\t\t\t<div class=\"elementor-widget-container\">\n\t\t\t\t\t<h2 class=\"elementor-heading-title elementor-size-default\">TIPS FOR CHEAP AND SAFE TRAVEL<\/h2>\t\t\t\t<\/div>\n\t\t\t\t<\/div>\n\t\t\t\t<\/div>\n\t\t\t\t<\/div>\n\t\t<div class=\"elementor-element elementor-element-2fc8cf8f e-flex e-con-boxed e-con e-parent\" data-id=\"2fc8cf8f\" data-element_type=\"container\" data-e-type=\"container\" id=\"about-me\" data-settings=\"{&quot;background_background&quot;:&quot;classic&quot;}\">\n\t\t\t\t\t<div class=\"e-con-inner\">\n\t\t\t\t<div class=\"elementor-element elementor-element-254e32a6 elementor-widget elementor-widget-text-editor\" data-id=\"254e32a6\" data-element_type=\"widget\" data-e-type=\"widget\" data-widget_type=\"text-editor.default\">\n\t\t\t\t<div class=\"elementor-widget-container\">\n\t\t\t\t\t\t\t\t\t<h3 style=\"text-align: center;\" data-section-id=\"fbewp1\" data-start=\"66\" data-end=\"79\">TRANSPORT<\/h3><p data-start=\"81\" data-end=\"273\">Whenever possible, always choose public transport \u2014 the price difference compared to taxis, Uber, or car rental (which is mainly cost-effective for larger groups) is significant.<\/p><p data-start=\"275\" data-end=\"414\">Keep in mind that in many countries, apps other than Uber are more popular \u2014 it\u2019s worth using them. You can easily find them via Google.<\/p><p data-start=\"416\" data-end=\"488\">Google Maps will help you find most public transport connections.<\/p><h3 data-section-id=\"h69iq2\" data-start=\"495\" data-end=\"505\">\u00a0<\/h3><h3 style=\"text-align: center;\" data-section-id=\"h69iq2\" data-start=\"495\" data-end=\"505\">ACCOMMODATION<\/h3><p data-start=\"507\" data-end=\"639\">The cheapest option is usually a hostel in a shared room. Conditions can sometimes be basic, so it\u2019s worth comparing different options.<\/p><p data-start=\"641\" data-end=\"798\">A hostel doesn\u2019t necessarily mean something bad \u2014 I have stayed in such places many times while traveling solo and consider them great, memorable experiences.<\/p><p data-start=\"800\" data-end=\"860\">In most decent hostels at a reasonable price, you will find:<\/p><ul data-start=\"861\" data-end=\"1071\"><li data-section-id=\"127z4al\" data-start=\"861\" data-end=\"897\">a good standard (rooms, bathrooms),<\/li><li data-section-id=\"1w3uidw\" data-start=\"898\" data-end=\"932\">a well-equipped, spacious kitchen,<\/li><li data-section-id=\"q78dqm\" data-start=\"933\" data-end=\"970\">common areas (lounges with TV),<\/li><li data-section-id=\"a58xug\" data-start=\"971\" data-end=\"1020\">often pools, bars, caf\u00e9s, or restaurants,<\/li><li data-section-id=\"1exi1\" data-start=\"1021\" data-end=\"1071\">relaxation areas, and sometimes even a cinema room.<\/li><\/ul><p data-start=\"1073\" data-end=\"1249\">Some hostels also organize social activities, such as yoga sessions, group nights out, walks around the area, or local attractions recommended by residents.<\/p><p data-start=\"1256\" data-end=\"1549\">Apartments are the best option if you\u2019re traveling with two or more people. They offer a high level of privacy and often include a private kitchen and bathroom. Well-equipped apartments (e.g. with a pool or spacious layout) can be found at reasonable prices.<br data-start=\"1498\" data-end=\"1501\" \/>The most popular platforms are Booking and Airbnb.<\/p><p data-start=\"1556\" data-end=\"1771\">Hotels are the option I use least often. Of course, I do choose them occasionally, but I definitely prefer the previously mentioned alternatives. They are usually the most expensive, and I also prefer trying local cuisine outside.<\/p><p data-start=\"1773\" data-end=\"1901\">The all-inclusive option is more associated, in my view, with typical holidays spent by the pool or on the beach with drinks throughout the day.<\/p>\t\t\t\t\t\t\t\t<\/div>\n\t\t\t\t<\/div>\n\t\t\t\t\t<\/div>\n\t\t\t\t<\/div>\n\t\t<div class=\"elementor-element elementor-element-6967abb4 e-con-full e-flex e-con e-parent\" data-id=\"6967abb4\" data-element_type=\"container\" data-e-type=\"container\" id=\"gear\" data-settings=\"{&quot;background_background&quot;:&quot;classic&quot;}\">\n\t\t<div class=\"elementor-element elementor-element-3c5b666d e-con-full e-flex e-con e-child\" data-id=\"3c5b666d\" data-element_type=\"container\" data-e-type=\"container\">\n\t\t\t\t<div class=\"elementor-element elementor-element-6537969e elementor-absolute elementor-widget__width-auto elementor-widget elementor-widget-image\" data-id=\"6537969e\" data-element_type=\"widget\" data-e-type=\"widget\" data-settings=\"{&quot;_position&quot;:&quot;absolute&quot;}\" data-widget_type=\"image.default\">\n\t\t\t\t<div class=\"elementor-widget-container\">\n\t\t\t\t\t\t\t\t\t\t\t\t\t\t\t<img fetchpriority=\"high\" decoding=\"async\" width=\"463\" height=\"332\" src=\"https:\/\/flywchill.com\/wp-content\/uploads\/2021\/03\/vlogger-img-03.png\" class=\"attachment-full size-full wp-image-799\" alt=\"vlogger img 03\" srcset=\"https:\/\/flywchill.com\/wp-content\/uploads\/2021\/03\/vlogger-img-03.png 463w, https:\/\/flywchill.com\/wp-content\/uploads\/2021\/03\/vlogger-img-03-300x215.png 300w\" sizes=\"(max-width: 463px) 100vw, 463px\" title=\"TIPY NA TANIE I BEZPIECZNE PODR\u00d3\u017bOWANIE\">\t\t\t\t\t\t\t\t\t\t\t\t\t\t\t<\/div>\n\t\t\t\t<\/div>\n\t\t\t\t<\/div>\n\t\t\t\t<\/div>\n\t\t<div class=\"elementor-element elementor-element-3c38a931 e-flex e-con-boxed e-con e-parent\" data-id=\"3c38a931\" data-element_type=\"container\" data-e-type=\"container\">\n\t\t\t\t\t<div class=\"e-con-inner\">\n\t\t\t\t<div class=\"elementor-element elementor-element-26b48540 elementor-align-center elementor-widget elementor-widget-button\" data-id=\"26b48540\" data-element_type=\"widget\" data-e-type=\"widget\" data-widget_type=\"button.default\">\n\t\t\t\t<div class=\"elementor-widget-container\">\n\t\t\t\t\t\t\t\t\t<div class=\"elementor-button-wrapper\">\n\t\t\t\t\t<a class=\"elementor-button elementor-button-link elementor-size-sm\" href=\"https:\/\/flywchill.com\/en\/formularz-do-zamowien\/\">\n\t\t\t\t\t\t<span class=\"elementor-button-content-wrapper\">\n\t\t\t\t\t\t<span class=\"elementor-button-icon\">\n\t\t\t\t<i aria-hidden=\"true\" class=\"fas fa-plane\"><\/i>\t\t\t<\/span>\n\t\t\t\t\t\t\t\t\t<span class=\"elementor-button-text\">PLACE AN ORDER<\/span>\n\t\t\t\t\t<\/span>\n\t\t\t\t\t<\/a>\n\t\t\t\t<\/div>\n\t\t\t\t\t\t\t\t<\/div>\n\t\t\t\t<\/div>\n\t\t\t\t<div class=\"elementor-element elementor-element-43242bb3 elementor-align-center elementor-widget elementor-widget-button\" data-id=\"43242bb3\" data-element_type=\"widget\" data-e-type=\"widget\" data-widget_type=\"button.default\">\n\t\t\t\t<div class=\"elementor-widget-container\">\n\t\t\t\t\t\t\t\t\t<div class=\"elementor-button-wrapper\">\n\t\t\t\t\t<a class=\"elementor-button elementor-button-link elementor-size-sm\" href=\"https:\/\/flywchill.com\/en\/\">\n\t\t\t\t\t\t<span class=\"elementor-button-content-wrapper\">\n\t\t\t\t\t\t<span class=\"elementor-button-icon\">\n\t\t\t\t<i aria-hidden=\"true\" class=\"fas fa-home\"><\/i>\t\t\t<\/span>\n\t\t\t\t\t\t\t\t\t<span class=\"elementor-button-text\">BACK TO HOME PAGE<\/span>\n\t\t\t\t\t<\/span>\n\t\t\t\t\t<\/a>\n\t\t\t\t<\/div>\n\t\t\t\t\t\t\t\t<\/div>\n\t\t\t\t<\/div>\n\t\t\t\t\t<\/div>\n\t\t\t\t<\/div>\n\t\t<div class=\"elementor-element elementor-element-7139c63 e-flex e-con-boxed e-con e-parent\" data-id=\"7139c63\" data-element_type=\"container\" data-e-type=\"container\" id=\"contact\" data-settings=\"{&quot;background_background&quot;:&quot;classic&quot;}\">\n\t\t\t\t\t<div class=\"e-con-inner\">\n\t\t<div class=\"elementor-element elementor-element-4b34e670 e-con-full e-flex e-con e-child\" data-id=\"4b34e670\" data-element_type=\"container\" data-e-type=\"container\">\n\t\t<div class=\"elementor-element elementor-element-6c6ba0d1 e-con-full e-flex e-con e-child\" data-id=\"6c6ba0d1\" data-element_type=\"container\" data-e-type=\"container\">\n\t\t<div class=\"elementor-element elementor-element-72e193cf e-con-full e-flex e-con e-child\" data-id=\"72e193cf\" data-element_type=\"container\" data-e-type=\"container\">\n\t\t\t\t<div class=\"elementor-element elementor-element-2422d19c elementor-widget-divider--view-line elementor-widget elementor-widget-divider\" data-id=\"2422d19c\" data-element_type=\"widget\" data-e-type=\"widget\" data-widget_type=\"divider.default\">\n\t\t\t\t<div class=\"elementor-widget-container\">\n\t\t\t\t\t\t\t<div class=\"elementor-divider\">\n\t\t\t<span class=\"elementor-divider-separator\">\n\t\t\t\t\t\t<\/span>\n\t\t<\/div>\n\t\t\t\t\t\t<\/div>\n\t\t\t\t<\/div>\n\t\t\t\t<div class=\"elementor-element elementor-element-60ba3a6c elementor-widget elementor-widget-heading\" data-id=\"60ba3a6c\" data-element_type=\"widget\" data-e-type=\"widget\" data-widget_type=\"heading.default\">\n\t\t\t\t<div class=\"elementor-widget-container\">\n\t\t\t\t\t<h3 class=\"elementor-heading-title elementor-size-default\">Do you want to travel and explore the world? Choose a package and get in touch with me.<\/h3>\t\t\t\t<\/div>\n\t\t\t\t<\/div>\n\t\t\t\t<div class=\"elementor-element elementor-element-64785346 elementor-widget elementor-widget-heading\" data-id=\"64785346\" data-element_type=\"widget\" data-e-type=\"widget\" data-widget_type=\"heading.default\">\n\t\t\t\t<div class=\"elementor-widget-container\">\n\t\t\t\t\t<h6 class=\"elementor-heading-title elementor-size-default\">I operate in<\/h6>\t\t\t\t<\/div>\n\t\t\t\t<\/div>\n\t\t\t\t<div class=\"elementor-element elementor-element-2494c33b elementor-align-center elementor-icon-list--layout-traditional elementor-list-item-link-full_width elementor-widget elementor-widget-icon-list\" data-id=\"2494c33b\" data-element_type=\"widget\" data-e-type=\"widget\" data-widget_type=\"icon-list.default\">\n\t\t\t\t<div class=\"elementor-widget-container\">\n\t\t\t\t\t\t\t<ul class=\"elementor-icon-list-items\">\n\t\t\t\t\t\t\t<li class=\"elementor-icon-list-item\">\n\t\t\t\t\t\t\t\t\t\t<span class=\"elementor-icon-list-text\">Poland \u2013 Krak\u00f3w &amp; Ireland \u2013 Dublin<\/span>\n\t\t\t\t\t\t\t\t\t<\/li>\n\t\t\t\t\t\t\t\t<li class=\"elementor-icon-list-item\">\n\t\t\t\t\t\t\t\t\t\t\t<a href=\"https:\/\/wa.me\/353851330379?text=Cze\u015b\u0107,%20chc\u0119%20dowiedzie\u0107%20si\u0119%20wi\u0119cej%20o%20pakietach%20podr\u00f3\u017cy\">\n\n\t\t\t\t\t\t\t\t\t\t\t\t<span class=\"elementor-icon-list-icon\">\n\t\t\t\t\t\t\t<i aria-hidden=\"true\" class=\"fab fa-whatsapp\"><\/i>\t\t\t\t\t\t<\/span>\n\t\t\t\t\t\t\t\t\t\t<span class=\"elementor-icon-list-text\"> +353 085 133 0379<\/span>\n\t\t\t\t\t\t\t\t\t\t\t<\/a>\n\t\t\t\t\t\t\t\t\t<\/li>\n\t\t\t\t\t\t<\/ul>\n\t\t\t\t\t\t<\/div>\n\t\t\t\t<\/div>\n\t\t\t\t<div class=\"elementor-element elementor-element-41146f3e elementor-align-center elementor-widget elementor-widget-button\" data-id=\"41146f3e\" data-element_type=\"widget\" data-e-type=\"widget\" data-widget_type=\"button.default\">\n\t\t\t\t<div class=\"elementor-widget-container\">\n\t\t\t\t\t\t\t\t\t<div class=\"elementor-button-wrapper\">\n\t\t\t\t\t<a class=\"elementor-button elementor-button-link elementor-size-sm\" href=\"https:\/\/flywchill.com\/en\/formularz-do-zamowien\/\">\n\t\t\t\t\t\t<span class=\"elementor-button-content-wrapper\">\n\t\t\t\t\t\t<span class=\"elementor-button-icon\">\n\t\t\t\t<i aria-hidden=\"true\" class=\"fas fa-plane\"><\/i>\t\t\t<\/span>\n\t\t\t\t\t\t\t\t\t<span class=\"elementor-button-text\">PLACE AN ORDER<\/span>\n\t\t\t\t\t<\/span>\n\t\t\t\t\t<\/a>\n\t\t\t\t<\/div>\n\t\t\t\t\t\t\t\t<\/div>\n\t\t\t\t<\/div>\n\t\t\t\t<div class=\"elementor-element elementor-element-3f6497d7 elementor-align-center elementor-widget elementor-widget-button\" data-id=\"3f6497d7\" data-element_type=\"widget\" data-e-type=\"widget\" data-widget_type=\"button.default\">\n\t\t\t\t<div class=\"elementor-widget-container\">\n\t\t\t\t\t\t\t\t\t<div class=\"elementor-button-wrapper\">\n\t\t\t\t\t<a class=\"elementor-button elementor-button-link elementor-size-sm\" href=\"mailto:flywchill@gmail.com?subject=Zapytanie%20o%20pakiet%20podr\u00f3\u017cy&#038;body=Cze\u015b\u0107,%20jestem%20zainteresowany\/a%20pakietem...\">\n\t\t\t\t\t\t<span class=\"elementor-button-content-wrapper\">\n\t\t\t\t\t\t\t\t\t<span class=\"elementor-button-text\">flywchill@gmail.com<\/span>\n\t\t\t\t\t<\/span>\n\t\t\t\t\t<\/a>\n\t\t\t\t<\/div>\n\t\t\t\t\t\t\t\t<\/div>\n\t\t\t\t<\/div>\n\t\t\t\t<\/div>\n\t\t\t\t<\/div>\n\t\t\t\t<\/div>\n\t\t\t\t\t<\/div>\n\t\t\t\t<\/div>\n\t\t\t\t<\/div>","protected":false},"excerpt":{"rendered":"<p>Fly with chill ZOBACZ GALERIE MOICH PODR\u00d3\u017bY Tanie i bezpieczne podr\u00f3\u017ce bez stresu Dziel\u0119 si\u0119 sprawdzonymi poradami, jak podr\u00f3\u017cowa\u0107 taniej i bezpieczniej po \u015bwiecie. Znajdziesz tu konkretne przewodniki, praktyczne wskaz\u00f3wki oraz najlepsze okazje podr\u00f3\u017cnicze. Nie chcesz planowa\u0107 sam? Sprawd\u017a moje gotowe PAKIETY podr\u00f3\u017cy i miej wszystko ogarni\u0119te. TIPY DO TANICH I BEZPIECZNYCH PODR\u00d3\u017bY TRANSPORT Je\u015bli [&hellip;]<\/p>\n","protected":false},"author":1,"featured_media":0,"parent":0,"menu_order":0,"comment_status":"closed","ping_status":"closed","template":"elementor_header_footer","meta":{"site-sidebar-layout":"no-sidebar","site-content-layout":"page-builder","ast-site-content-layout":"full-width-container","site-content-style":"default","site-sidebar-style":"default","ast-global-header-display":"","ast-banner-title-visibility":"","ast-main-header-display":"","ast-hfb-above-header-display":"","ast-hfb-below-header-display":"","ast-hfb-mobile-header-display":"","site-post-title":"disabled","ast-breadcrumbs-content":"","ast-featured-img":"disabled","footer-sml-layout":"","ast-disable-related-posts":"","theme-transparent-header-meta":"","adv-header-id-meta":"","stick-header-meta":"","header-above-stick-meta":"","header-main-stick-meta":"","header-below-stick-meta":"","astra-migrate-meta-layouts":"set","ast-page-background-enabled":"default","ast-page-background-meta":{"desktop":{"background-color":"","background-image":"","background-repeat":"repeat","background-position":"center center","background-size":"auto","background-attachment":"scroll","background-type":"","background-media":"","overlay-type":"","overlay-color":"","overlay-opacity":"","overlay-gradient":""},"tablet":{"background-color":"","background-image":"","background-repeat":"repeat","background-position":"center center","background-size":"auto","background-attachment":"scroll","background-type":"","background-media":"","overlay-type":"","overlay-color":"","overlay-opacity":"","overlay-gradient":""},"mobile":{"background-color":"","background-image":"","background-repeat":"repeat","background-position":"center center","background-size":"auto","background-attachment":"scroll","background-type":"","background-media":"","overlay-type":"","overlay-color":"","overlay-opacity":"","overlay-gradient":""}},"ast-content-background-meta":{"desktop":{"background-color":"var(--ast-global-color-5)","background-image":"","background-repeat":"repeat","background-position":"center center","background-size":"auto","background-attachment":"scroll","background-type":"","background-media":"","overlay-type":"","overlay-color":"","overlay-opacity":"","overlay-gradient":""},"tablet":{"background-color":"var(--ast-global-color-5)","background-image":"","background-repeat":"repeat","background-position":"center center","background-size":"auto","background-attachment":"scroll","background-type":"","background-media":"","overlay-type":"","overlay-color":"","overlay-opacity":"","overlay-gradient":""},"mobile":{"background-color":"var(--ast-global-color-5)","background-image":"","background-repeat":"repeat","background-position":"center center","background-size":"auto","background-attachment":"scroll","background-type":"","background-media":"","overlay-type":"","overlay-color":"","overlay-opacity":"","overlay-gradient":""}},"footnotes":""},"class_list":["post-1961","page","type-page","status-publish","hentry"],"_links":{"self":[{"href":"https:\/\/flywchill.com\/en\/wp-json\/wp\/v2\/pages\/1961","targetHints":{"allow":["GET"]}}],"collection":[{"href":"https:\/\/flywchill.com\/en\/wp-json\/wp\/v2\/pages"}],"about":[{"href":"https:\/\/flywchill.com\/en\/wp-json\/wp\/v2\/types\/page"}],"author":[{"embeddable":true,"href":"https:\/\/flywchill.com\/en\/wp-json\/wp\/v2\/users\/1"}],"replies":[{"embeddable":true,"href":"https:\/\/flywchill.com\/en\/wp-json\/wp\/v2\/comments?post=1961"}],"version-history":[{"count":34,"href":"https:\/\/flywchill.com\/en\/wp-json\/wp\/v2\/pages\/1961\/revisions"}],"predecessor-version":[{"id":2029,"href":"https:\/\/flywchill.com\/en\/wp-json\/wp\/v2\/pages\/1961\/revisions\/2029"}],"wp:attachment":[{"href":"https:\/\/flywchill.com\/en\/wp-json\/wp\/v2\/media?parent=1961"}],"curies":[{"name":"wp","href":"https:\/\/api.w.org\/{rel}","templated":true}]}}